{"id":94,"date":"2017-04-27T08:54:23","date_gmt":"2017-04-27T06:54:23","guid":{"rendered":"https:\/\/saips.ch\/?page_id=94"},"modified":"2017-06-26T22:17:06","modified_gmt":"2017-06-26T20:17:06","slug":"verein","status":"publish","type":"page","link":"https:\/\/saips.ch\/index.php\/verein\/","title":{"rendered":"Verein"},"content":{"rendered":"<p>Der Verein <strong>saips <\/strong>besteht bereits seit dem Jahre 2002 und wurde ins Leben gerufen um den Freundeskreis zu Pflegen.<br \/>\nIn diesen vergangenen Jahren wurde er laufend gr\u00f6sser und erwachsener. Heute bestehen wir bereits aus \u00fcber 10 Mitgliedern.<br \/>\nDer Vorstand organisiert durchs Jahr hindurch laufend kleinere und gr\u00f6ssere, zum Teil etwas aussergew\u00f6hnliche Events. Diese dienen einerseits dem Kampf gegen die verbreitete Langeweile, sowie der F\u00f6rderung der (Zentral) Schweizer Wirtschaft-, Gewerbe -und Industriebranchen.<\/p>\n<p>Die Weltherrschaft ist nur noch ein kleines Thema, da wir den Widerstand im Gr\u00fcnenwald untersch\u00e4tzten, deshalb bleiben wir nun klein und geschmeidig.<\/p>\n<p>&nbsp;<\/p>\n<p>&nbsp;<\/p>\n<h4>H\u00e4ufig gestellte Fragen &#8211; und ihre Antworten:<\/h4>\n<p>F: SAIPS, was bedeutet dieser Name?<br \/>\nA: Dies ist ein vereinsinternes Geheimniss. Die meisten Spekulationen \u00fcber den Namen sind und bleiben Spekulationen!<\/p>\n<p>F: K\u00f6nnen nur Mitglieder eure T-Shirts kaufen?<br \/>\nA: Nein, auch Fans k\u00f6nnen unsere T-Shirts kaufen. Sie gelten dadurch nicht als Mitglieder haben aber das Recht an manchen Anl\u00e4ssen mitzumachen!<\/p>\n","protected":false},"excerpt":{"rendered":"<p>Der Verein saips besteht bereits seit dem Jahre 2002 und wurde ins Leben gerufen um den Freundeskreis zu Pflegen. In diesen vergangenen Jahren wurde er laufend gr\u00f6sser und erwachsener. Heute bestehen wir bereits aus \u00fcber 10 Mitgliedern. Der Vorstand organisiert durchs Jahr hindurch laufend kleinere und gr\u00f6ssere, zum Teil etwas aussergew\u00f6hnliche Events. Diese dienen einerseitsContinue reading &rarr;<\/p>\n","protected":false},"author":2,"featured_media":0,"parent":0,"menu_order":0,"comment_status":"closed","ping_status":"closed","template":"","meta":{"footnotes":""},"class_list":["post-94","page","type-page","status-publish","hentry","no-thumb"],"_links":{"self":[{"href":"https:\/\/saips.ch\/index.php\/wp-json\/wp\/v2\/pages\/94","targetHints":{"allow":["GET"]}}],"collection":[{"href":"https:\/\/saips.ch\/index.php\/wp-json\/wp\/v2\/pages"}],"about":[{"href":"https:\/\/saips.ch\/index.php\/wp-json\/wp\/v2\/types\/page"}],"author":[{"embeddable":true,"href":"https:\/\/saips.ch\/index.php\/wp-json\/wp\/v2\/users\/2"}],"replies":[{"embeddable":true,"href":"https:\/\/saips.ch\/index.php\/wp-json\/wp\/v2\/comments?post=94"}],"version-history":[{"count":4,"href":"https:\/\/saips.ch\/index.php\/wp-json\/wp\/v2\/pages\/94\/revisions"}],"predecessor-version":[{"id":181,"href":"https:\/\/saips.ch\/index.php\/wp-json\/wp\/v2\/pages\/94\/revisions\/181"}],"wp:attachment":[{"href":"https:\/\/saips.ch\/index.php\/wp-json\/wp\/v2\/media?parent=94"}],"curies":[{"name":"wp","href":"https:\/\/api.w.org\/{rel}","templated":true}]}}